{"id":925,"date":"2022-10-11T18:03:08","date_gmt":"2022-10-11T18:03:08","guid":{"rendered":"https:\/\/dsfltee.com\/carriere\/"},"modified":"2022-10-11T18:16:14","modified_gmt":"2022-10-11T18:16:14","slug":"jobs","status":"publish","type":"page","link":"https:\/\/dsfltee.com\/en\/jobs\/","title":{"rendered":"Jobs"},"content":{"rendered":"<div class=\"wpb-content-wrapper\"><p>[vc_row css_animation=&#8221;&#8221; row_type=&#8221;row&#8221; use_row_as_full_screen_section=&#8221;no&#8221; type=&#8221;grid&#8221; angled_section=&#8221;no&#8221; text_align=&#8221;left&#8221; background_image_as_pattern=&#8221;without_pattern&#8221; el_id=&#8221;template-carriere&#8221; z_index=&#8221;&#8221;][vc_column][vc_column_text]<\/p>\n<h3>Available Jobs<\/h3>\n<p>[\/vc_column_text][vc_column_text]\t\t<div class=\"emplois-container\">\n\t\t\t<p>No job currently available<\/p>\n\t\t<\/div>\n\t[\/vc_column_text][\/vc_column][\/vc_row]<\/p>\n<\/div>","protected":false},"excerpt":{"rendered":"<p>[vc_row css_animation=&#8221;&#8221; row_type=&#8221;row&#8221; use_row_as_full_screen_section=&#8221;no&#8221; type=&#8221;grid&#8221; angled_section=&#8221;no&#8221; text_align=&#8221;left&#8221; background_image_as_pattern=&#8221;without_pattern&#8221; el_id=&#8221;template-carriere&#8221; z_index=&#8221;&#8221;][vc_column][vc_column_text] Available Jobs [\/vc_column_text][vc_column_text][\/vc_column_text][\/vc_column][\/vc_row]<\/p>\n","protected":false},"author":1,"featured_media":0,"parent":0,"menu_order":0,"comment_status":"closed","ping_status":"closed","template":"full_width.php","meta":{"_acf_changed":false,"footnotes":""},"class_list":["post-925","page","type-page","status-publish","hentry"],"acf":[],"yoast_head":"<!-- This site is optimized with the Yoast SEO plugin v27.4 - https:\/\/yoast.com\/product\/yoast-seo-wordpress\/ -->\n<title>Jobs | Distribution Ste-Foy<\/title>\n<meta name=\"robots\" content=\"index, follow, max-snippet:-1, max-image-preview:large, max-video-preview:-1\" \/>\n<link rel=\"canonical\" href=\"https:\/\/dsfltee.com\/en\/jobs\/\" \/>\n<meta property=\"og:locale\" content=\"en_US\" \/>\n<meta property=\"og:type\" content=\"article\" \/>\n<meta property=\"og:title\" content=\"Jobs | Distribution Ste-Foy\" \/>\n<meta property=\"og:description\" content=\"[vc_row css_animation=&#8221;&#8221; row_type=&#8221;row&#8221; use_row_as_full_screen_section=&#8221;no&#8221; type=&#8221;grid&#8221; angled_section=&#8221;no&#8221; text_align=&#8221;left&#8221; background_image_as_pattern=&#8221;without_pattern&#8221; el_id=&#8221;template-carriere&#8221; z_index=&#8221;&#8221;][vc_column][vc_column_text] Available Jobs [\/vc_column_text][vc_column_text][\/vc_column_text][\/vc_column][\/vc_row]\" \/>\n<meta property=\"og:url\" content=\"https:\/\/dsfltee.com\/en\/jobs\/\" \/>\n<meta property=\"og:site_name\" content=\"Distribution Ste-Foy\" \/>\n<meta property=\"article:publisher\" content=\"https:\/\/fr-ca.facebook.com\/dsfltee\/\" \/>\n<meta property=\"article:modified_time\" content=\"2022-10-11T18:16:14+00:00\" \/>\n<meta property=\"og:image\" content=\"https:\/\/dsfltee.com\/wp-content\/uploads\/2018\/02\/slider-bg1.jpg\" \/>\n<script type=\"application\/ld+json\" class=\"yoast-schema-graph\">{\"@context\":\"https:\\\/\\\/schema.org\",\"@graph\":[{\"@type\":\"WebPage\",\"@id\":\"https:\\\/\\\/dsfltee.com\\\/en\\\/jobs\\\/\",\"url\":\"https:\\\/\\\/dsfltee.com\\\/en\\\/jobs\\\/\",\"name\":\"Jobs | Distribution Ste-Foy\",\"isPartOf\":{\"@id\":\"https:\\\/\\\/dsfltee.com\\\/#website\"},\"datePublished\":\"2022-10-11T18:03:08+00:00\",\"dateModified\":\"2022-10-11T18:16:14+00:00\",\"breadcrumb\":{\"@id\":\"https:\\\/\\\/dsfltee.com\\\/en\\\/jobs\\\/#breadcrumb\"},\"inLanguage\":\"en-CA\",\"potentialAction\":[{\"@type\":\"ReadAction\",\"target\":[\"https:\\\/\\\/dsfltee.com\\\/en\\\/jobs\\\/\"]}]},{\"@type\":\"BreadcrumbList\",\"@id\":\"https:\\\/\\\/dsfltee.com\\\/en\\\/jobs\\\/#breadcrumb\",\"itemListElement\":[{\"@type\":\"ListItem\",\"position\":1,\"name\":\"Home\",\"item\":\"https:\\\/\\\/dsfltee.com\\\/en\\\/\"},{\"@type\":\"ListItem\",\"position\":2,\"name\":\"Jobs\"}]},{\"@type\":\"WebSite\",\"@id\":\"https:\\\/\\\/dsfltee.com\\\/#website\",\"url\":\"https:\\\/\\\/dsfltee.com\\\/\",\"name\":\"Distribution Ste-Foy\",\"description\":\"La r\u00e9f\u00e9rence en syst\u00e8me d\u2019int\u00e9rieur\",\"potentialAction\":[{\"@type\":\"SearchAction\",\"target\":{\"@type\":\"EntryPoint\",\"urlTemplate\":\"https:\\\/\\\/dsfltee.com\\\/?s={search_term_string}\"},\"query-input\":{\"@type\":\"PropertyValueSpecification\",\"valueRequired\":true,\"valueName\":\"search_term_string\"}}],\"inLanguage\":\"en-CA\"}]}<\/script>\n<!-- \/ Yoast SEO plugin. -->","yoast_head_json":{"title":"Jobs | Distribution Ste-Foy","robots":{"index":"index","follow":"follow","max-snippet":"max-snippet:-1","max-image-preview":"max-image-preview:large","max-video-preview":"max-video-preview:-1"},"canonical":"https:\/\/dsfltee.com\/en\/jobs\/","og_locale":"en_US","og_type":"article","og_title":"Jobs | Distribution Ste-Foy","og_description":"[vc_row css_animation=&#8221;&#8221; row_type=&#8221;row&#8221; use_row_as_full_screen_section=&#8221;no&#8221; type=&#8221;grid&#8221; angled_section=&#8221;no&#8221; text_align=&#8221;left&#8221; background_image_as_pattern=&#8221;without_pattern&#8221; el_id=&#8221;template-carriere&#8221; z_index=&#8221;&#8221;][vc_column][vc_column_text] Available Jobs [\/vc_column_text][vc_column_text][\/vc_column_text][\/vc_column][\/vc_row]","og_url":"https:\/\/dsfltee.com\/en\/jobs\/","og_site_name":"Distribution Ste-Foy","article_publisher":"https:\/\/fr-ca.facebook.com\/dsfltee\/","article_modified_time":"2022-10-11T18:16:14+00:00","og_image":[{"url":"https:\/\/dsfltee.com\/wp-content\/uploads\/2018\/02\/slider-bg1.jpg","type":"","width":"","height":""}],"schema":{"@context":"https:\/\/schema.org","@graph":[{"@type":"WebPage","@id":"https:\/\/dsfltee.com\/en\/jobs\/","url":"https:\/\/dsfltee.com\/en\/jobs\/","name":"Jobs | Distribution Ste-Foy","isPartOf":{"@id":"https:\/\/dsfltee.com\/#website"},"datePublished":"2022-10-11T18:03:08+00:00","dateModified":"2022-10-11T18:16:14+00:00","breadcrumb":{"@id":"https:\/\/dsfltee.com\/en\/jobs\/#breadcrumb"},"inLanguage":"en-CA","potentialAction":[{"@type":"ReadAction","target":["https:\/\/dsfltee.com\/en\/jobs\/"]}]},{"@type":"BreadcrumbList","@id":"https:\/\/dsfltee.com\/en\/jobs\/#breadcrumb","itemListElement":[{"@type":"ListItem","position":1,"name":"Home","item":"https:\/\/dsfltee.com\/en\/"},{"@type":"ListItem","position":2,"name":"Jobs"}]},{"@type":"WebSite","@id":"https:\/\/dsfltee.com\/#website","url":"https:\/\/dsfltee.com\/","name":"Distribution Ste-Foy","description":"La r\u00e9f\u00e9rence en syst\u00e8me d\u2019int\u00e9rieur","potentialAction":[{"@type":"SearchAction","target":{"@type":"EntryPoint","urlTemplate":"https:\/\/dsfltee.com\/?s={search_term_string}"},"query-input":{"@type":"PropertyValueSpecification","valueRequired":true,"valueName":"search_term_string"}}],"inLanguage":"en-CA"}]}},"_links":{"self":[{"href":"https:\/\/dsfltee.com\/en\/wp-json\/wp\/v2\/pages\/925","targetHints":{"allow":["GET"]}}],"collection":[{"href":"https:\/\/dsfltee.com\/en\/wp-json\/wp\/v2\/pages"}],"about":[{"href":"https:\/\/dsfltee.com\/en\/wp-json\/wp\/v2\/types\/page"}],"author":[{"embeddable":true,"href":"https:\/\/dsfltee.com\/en\/wp-json\/wp\/v2\/users\/1"}],"replies":[{"embeddable":true,"href":"https:\/\/dsfltee.com\/en\/wp-json\/wp\/v2\/comments?post=925"}],"version-history":[{"count":2,"href":"https:\/\/dsfltee.com\/en\/wp-json\/wp\/v2\/pages\/925\/revisions"}],"predecessor-version":[{"id":928,"href":"https:\/\/dsfltee.com\/en\/wp-json\/wp\/v2\/pages\/925\/revisions\/928"}],"wp:attachment":[{"href":"https:\/\/dsfltee.com\/en\/wp-json\/wp\/v2\/media?parent=925"}],"curies":[{"name":"wp","href":"https:\/\/api.w.org\/{rel}","templated":true}]}}