{"id":368,"date":"2018-03-02T14:57:55","date_gmt":"2018-03-02T14:57:55","guid":{"rendered":"https:\/\/dsfltee.com\/?page_id=368"},"modified":"2018-06-27T13:50:49","modified_gmt":"2018-06-27T13:50:49","slug":"contact","status":"publish","type":"page","link":"https:\/\/dsfltee.com\/en\/contact\/","title":{"rendered":"Contact"},"content":{"rendered":"<div class=\"wpb-content-wrapper\"><p>[vc_row css_animation=&#8221;&#8221; row_type=&#8221;row&#8221; use_row_as_full_screen_section=&#8221;no&#8221; type=&#8221;full_width&#8221; angled_section=&#8221;no&#8221; text_align=&#8221;left&#8221; background_image_as_pattern=&#8221;without_pattern&#8221; el_id=&#8221;home7&#8243; z_index=&#8221;&#8221;][vc_column]<div class='google_map_shortcode_holder' style='height:644px;'><div class='qode_google_map' style='height:644px;' id='map_canvas_79086' data-addresses='[\"685 avenue Newton, Qu\u00e9bec, Qc, G1P 4C4\"]' data-custom-map-style='false' data-color-overlay='#393939' data-saturation='-100' data-lightness='-60' data-zoom='12' data-pin='https:\/\/dsfltee.com\/wp-content\/uploads\/2018\/04\/pin.png' data-unique-id='79086' data-google-maps-scroll-wheel='false' data-snazzy-map-style='yes' data-map-height='644'><\/div><input type=\"hidden\" class=\"qode-snazzy-map\" value=\"`{`\n{\n``featureType``: ``administrative``,\n``elementType``: ``labels.text.fill``,\n``stylers``: `{`\n{\n``color``: ``#444444``\n}\n`}`\n},\n{\n``featureType``: ``administrative.land_parcel``,\n``elementType``: ``all``,\n``stylers``: `{`\n{\n``visibility``: ``off``\n}\n`}`\n},\n{\n``featureType``: ``landscape``,\n``elementType``: ``all``,\n``stylers``: `{`\n{\n``color``: ``#f2f2f2``\n}\n`}`\n},\n{\n``featureType``: ``landscape.natural``,\n``elementType``: ``all``,\n``stylers``: `{`\n{\n``visibility``: ``off``\n}\n`}`\n},\n{\n``featureType``: ``poi``,\n``elementType``: ``all``,\n``stylers``: `{`\n{\n``visibility``: ``on``\n},\n{\n``color``: ``#052366``\n},\n{\n``saturation``: ``-70``\n},\n{\n``lightness``: ``85``\n}\n`}`\n},\n{\n``featureType``: ``poi``,\n``elementType``: ``labels``,\n``stylers``: `{`\n{\n``visibility``: ``simplified``\n},\n{\n``lightness``: ``-53``\n},\n{\n``weight``: ``1.00``\n},\n{\n``gamma``: ``0.98``\n}\n`}`\n},\n{\n``featureType``: ``poi``,\n``elementType``: ``labels.icon``,\n``stylers``: `{`\n{\n``visibility``: ``simplified``\n}\n`}`\n},\n{\n``featureType``: ``road``,\n``elementType``: ``all``,\n``stylers``: `{`\n{\n``saturation``: -100\n},\n{\n``lightness``: 45\n},\n{\n``visibility``: ``on``\n}\n`}`\n},\n{\n``featureType``: ``road``,\n``elementType``: ``geometry``,\n``stylers``: `{`\n{\n``saturation``: ``-18``\n}\n`}`\n},\n{\n``featureType``: ``road``,\n``elementType``: ``labels``,\n``stylers``: `{`\n{\n``visibility``: ``off``\n}\n`}`\n},\n{\n``featureType``: ``road.highway``,\n``elementType``: ``all``,\n``stylers``: `{`\n{\n``visibility``: ``on``\n}\n`}`\n},\n{\n``featureType``: ``road.arterial``,\n``elementType``: ``all``,\n``stylers``: `{`\n{\n``visibility``: ``on``\n}\n`}`\n},\n{\n``featureType``: ``road.arterial``,\n``elementType``: ``labels.icon``,\n``stylers``: `{`\n{\n``visibility``: ``off``\n}\n`}`\n},\n{\n``featureType``: ``road.local``,\n``elementType``: ``all``,\n``stylers``: `{`\n{\n``visibility``: ``on``\n}\n`}`\n},\n{\n``featureType``: ``transit``,\n``elementType``: ``all``,\n``stylers``: `{`\n{\n``visibility``: ``off``\n}\n`}`\n},\n{\n``featureType``: ``water``,\n``elementType``: ``all``,\n``stylers``: `{`\n{\n``color``: ``#57677a``\n},\n{\n``visibility``: ``on``\n}\n`}`\n}\n`}` \" \/><div class='google_map_shortcode_overlay'><\/div><\/div>[vc_column_text]685, avenue Newton, Qu\u00e9bec, Qc, G1P 4C4<br \/>\n<a href=\"https:\/\/goo.gl\/maps\/isTKd4m2tho\" target=\"_blank\" rel=\"noopener\">Get directions<\/a>[\/vc_column_text][\/vc_column][\/vc_row][vc_row css_animation=&#8221;&#8221; row_type=&#8221;row&#8221; use_row_as_full_screen_section=&#8221;no&#8221; type=&#8221;grid&#8221; angled_section=&#8221;no&#8221; text_align=&#8221;left&#8221; background_image_as_pattern=&#8221;without_pattern&#8221; el_id=&#8221;contact2&#8243; z_index=&#8221;&#8221; el_class=&#8221;bloc-padding&#8221;][vc_column width=&#8221;1\/2&#8243;][vc_column_text]<\/p>\n<h4>Contact us<\/h4>\n<h4><\/h4>\n<p><a href=\"https:\/\/goo.gl\/maps\/3xuXJfzg6K82\" target=\"_blank\" rel=\"noopener\">685, avenue Newton, Qu\u00e9bec, QC G1P 4C4<\/a><br \/>\nPhone: <a href=\"tel:4188718133\">(418) 871-8133<\/a><br \/>\nFax: <a href=\"tel:4188719505\">(418) 871-9505<\/a><br \/>\nEmail: <a href=\"mailto:infos@dsfltee.com\">infos@dsfltee.com<\/a>[\/vc_column_text][\/vc_column][vc_column width=&#8221;1\/2&#8243;]\n<div class=\"wpcf7 no-js\" id=\"wpcf7-f433-o1\" lang=\"fr-FR\" dir=\"ltr\" data-wpcf7-id=\"433\">\n<div class=\"screen-reader-response\"><p role=\"status\" aria-live=\"polite\" aria-atomic=\"true\"><\/p> <ul><\/ul><\/div>\n<form action=\"\/en\/wp-json\/wp\/v2\/pages\/368#wpcf7-f433-o1\" method=\"post\" class=\"wpcf7-form init default\" aria-label=\"Formulaire de contact\" novalidate=\"novalidate\" data-status=\"init\">\n<fieldset class=\"hidden-fields-container\"><input type=\"hidden\" name=\"_wpcf7\" value=\"433\" \/><input type=\"hidden\" name=\"_wpcf7_version\" value=\"6.1.5\" \/><input type=\"hidden\" name=\"_wpcf7_locale\" value=\"fr_FR\" \/><input type=\"hidden\" name=\"_wpcf7_unit_tag\" value=\"wpcf7-f433-o1\" \/><input type=\"hidden\" name=\"_wpcf7_container_post\" value=\"0\" \/><input type=\"hidden\" name=\"_wpcf7_posted_data_hash\" value=\"\" \/><input type=\"hidden\" name=\"_wpcf7_recaptcha_response\" value=\"\" \/>\n<\/fieldset>\n<div class=\"form-container acceptance_form\">\n\t<div class=\"form-item\">\n\t\t<p><span class=\"wpcf7-form-control-wrap\" data-name=\"nom\"><input size=\"40\" maxlength=\"400\" class=\"wpcf7-form-control wpcf7-text wpcf7-validates-as-required form-control\" aria-required=\"true\" aria-invalid=\"false\" placeholder=\"Name\" value=\"\" type=\"text\" name=\"nom\" \/><\/span>\n\t\t<\/p>\n\t<\/div>\n\t<div class=\"form-item\">\n\t\t<p><span class=\"wpcf7-form-control-wrap\" data-name=\"courriel\"><input size=\"40\" maxlength=\"400\" class=\"wpcf7-form-control wpcf7-email wpcf7-validates-as-required wpcf7-text wpcf7-validates-as-email form-control\" aria-required=\"true\" aria-invalid=\"false\" placeholder=\"Email\" value=\"\" type=\"email\" name=\"courriel\" \/><\/span>\n\t\t<\/p>\n\t<\/div>\n\t<div class=\"form-item\">\n\t\t<p><span class=\"wpcf7-form-control-wrap\" data-name=\"suject\"><input size=\"40\" maxlength=\"400\" class=\"wpcf7-form-control wpcf7-text wpcf7-validates-as-required form-control\" aria-required=\"true\" aria-invalid=\"false\" placeholder=\"Subject\" value=\"\" type=\"text\" name=\"suject\" \/><\/span>\n\t\t<\/p>\n\t<\/div>\n\t<div class=\"form-item\">\n\t\t<p><span class=\"wpcf7-form-control-wrap\" data-name=\"message\"><textarea cols=\"40\" rows=\"10\" maxlength=\"2000\" class=\"wpcf7-form-control wpcf7-textarea wpcf7-validates-as-required form-control\" aria-required=\"true\" aria-invalid=\"false\" placeholder=\"Message\" name=\"message\"><\/textarea><\/span>\n\t\t<\/p>\n\t<\/div>\n\t<div class=\"form-item\">\n\t\t<p><span class=\"wpcf7-form-control-wrap\" data-name=\"acceptance\"><span class=\"wpcf7-form-control wpcf7-acceptance\"><span class=\"wpcf7-list-item\"><label><input type=\"checkbox\" name=\"acceptance\" value=\"1\" id=\"acceptance\" aria-invalid=\"false\" \/><span class=\"wpcf7-list-item-label\">I agree and understand that my information will be used in accordance with the company's <a href=\"\/en\/privacy-policy\/\" target=\"_blank\">privacy policy<\/a>.<\/span><\/label><\/span><\/span><\/span>\n\t\t<\/p>\n\t<\/div>\n\t<div class=\"form-item\">\n\t\t<p><input class=\"wpcf7-form-control wpcf7-submit has-spinner\" type=\"submit\" value=\"Send\" \/>\n\t\t<\/p>\n\t<\/div>\n<\/div><input type=\"hidden\" id=\"ct_checkjs_cf7_65658fde58ab3c2b6e5132a39fae7cb9\" name=\"ct_checkjs_cf7\" value=\"0\" \/><script >setTimeout(function(){var ct_input_name = \"ct_checkjs_cf7_65658fde58ab3c2b6e5132a39fae7cb9\";if (document.getElementById(ct_input_name) !== null) {var ct_input_value = document.getElementById(ct_input_name).value;document.getElementById(ct_input_name).value = document.getElementById(ct_input_name).value.replace(ct_input_value, '6b3661095f871c5f592e2c56f01393915b6fbebfc8688c09940b87bb8c8663ff');}}, 1000);<\/script><input\n                    class=\"apbct_special_field apbct_email_id__wp_contact_form_7\"\n                    name=\"apbct__email_id__wp_contact_form_7\"\n                    aria-label=\"apbct__label_id__wp_contact_form_7\"\n                    type=\"text\" size=\"30\" maxlength=\"200\" autocomplete=\"off\"\n                    value=\"\"\n                \/><div class=\"wpcf7-response-output\" aria-hidden=\"true\"><\/div>\n<\/form>\n<\/div>\n[\/vc_column][\/vc_row]<\/p>\n<\/div>","protected":false},"excerpt":{"rendered":"<p>[vc_row css_animation=&#8221;&#8221; row_type=&#8221;row&#8221; use_row_as_full_screen_section=&#8221;no&#8221; type=&#8221;full_width&#8221; angled_section=&#8221;no&#8221; text_align=&#8221;left&#8221; background_image_as_pattern=&#8221;without_pattern&#8221; el_id=&#8221;home7&#8243; z_index=&#8221;&#8221;][vc_column][vc_column_text]685, avenue Newton, Qu\u00e9bec, Qc, G1P 4C4 Get directions[\/vc_column_text][\/vc_column][\/vc_row][vc_row css_animation=&#8221;&#8221; row_type=&#8221;row&#8221; use_row_as_full_screen_section=&#8221;no&#8221; type=&#8221;grid&#8221; angled_section=&#8221;no&#8221; text_align=&#8221;left&#8221; background_image_as_pattern=&#8221;without_pattern&#8221; el_id=&#8221;contact2&#8243; z_index=&#8221;&#8221; el_class=&#8221;bloc-padding&#8221;][vc_column width=&#8221;1\/2&#8243;][vc_column_text] Contact us 685, avenue Newton, Qu\u00e9bec, QC G1P 4C4 Phone: (418) 871-8133 Fax: (418) 871-9505 Email:&#8230;<\/p>\n","protected":false},"author":1,"featured_media":0,"parent":0,"menu_order":0,"comment_status":"closed","ping_status":"closed","template":"full_width.php","meta":{"_acf_changed":false,"footnotes":""},"class_list":["post-368","page","type-page","status-publish","hentry"],"acf":[],"yoast_head":"<!-- This site is optimized with the Yoast SEO plugin v27.4 - https:\/\/yoast.com\/product\/yoast-seo-wordpress\/ -->\n<title>Contact | Distribution Ste-Foy<\/title>\n<meta name=\"description\" content=\"Got big or small projects? Contact us now and we can help. We have 3 locations to serve every region: St-Mathieu de Beloeil, Laval &amp; St-Hubert.\" \/>\n<meta name=\"robots\" content=\"index, follow, max-snippet:-1, max-image-preview:large, max-video-preview:-1\" \/>\n<link rel=\"canonical\" href=\"https:\/\/dsfltee.com\/en\/contact\/\" \/>\n<meta property=\"og:locale\" content=\"en_US\" \/>\n<meta property=\"og:type\" content=\"article\" \/>\n<meta property=\"og:title\" content=\"Contact | Distribution Ste-Foy\" \/>\n<meta property=\"og:description\" content=\"Got big or small projects? Contact us now and we can help. We have 3 locations to serve every region: St-Mathieu de Beloeil, Laval &amp; St-Hubert.\" \/>\n<meta property=\"og:url\" content=\"https:\/\/dsfltee.com\/en\/contact\/\" \/>\n<meta property=\"og:site_name\" content=\"Distribution Ste-Foy\" \/>\n<meta property=\"article:publisher\" content=\"https:\/\/fr-ca.facebook.com\/dsfltee\/\" \/>\n<meta property=\"article:modified_time\" content=\"2018-06-27T13:50:49+00:00\" \/>\n<meta property=\"og:image\" content=\"https:\/\/dsfltee.com\/wp-content\/uploads\/2018\/02\/slider-bg1.jpg\" \/>\n<meta name=\"twitter:label1\" content=\"Est. reading time\" \/>\n\t<meta name=\"twitter:data1\" content=\"2 minutes\" \/>\n<script type=\"application\/ld+json\" class=\"yoast-schema-graph\">{\"@context\":\"https:\\\/\\\/schema.org\",\"@graph\":[{\"@type\":\"WebPage\",\"@id\":\"https:\\\/\\\/dsfltee.com\\\/en\\\/contact\\\/\",\"url\":\"https:\\\/\\\/dsfltee.com\\\/en\\\/contact\\\/\",\"name\":\"Contact | Distribution Ste-Foy\",\"isPartOf\":{\"@id\":\"https:\\\/\\\/dsfltee.com\\\/#website\"},\"datePublished\":\"2018-03-02T14:57:55+00:00\",\"dateModified\":\"2018-06-27T13:50:49+00:00\",\"description\":\"Got big or small projects? Contact us now and we can help. We have 3 locations to serve every region: St-Mathieu de Beloeil, Laval & St-Hubert.\",\"breadcrumb\":{\"@id\":\"https:\\\/\\\/dsfltee.com\\\/en\\\/contact\\\/#breadcrumb\"},\"inLanguage\":\"en-CA\",\"potentialAction\":[{\"@type\":\"ReadAction\",\"target\":[\"https:\\\/\\\/dsfltee.com\\\/en\\\/contact\\\/\"]}]},{\"@type\":\"BreadcrumbList\",\"@id\":\"https:\\\/\\\/dsfltee.com\\\/en\\\/contact\\\/#breadcrumb\",\"itemListElement\":[{\"@type\":\"ListItem\",\"position\":1,\"name\":\"Home\",\"item\":\"https:\\\/\\\/dsfltee.com\\\/en\\\/\"},{\"@type\":\"ListItem\",\"position\":2,\"name\":\"Contact\"}]},{\"@type\":\"WebSite\",\"@id\":\"https:\\\/\\\/dsfltee.com\\\/#website\",\"url\":\"https:\\\/\\\/dsfltee.com\\\/\",\"name\":\"Distribution Ste-Foy\",\"description\":\"La r\u00e9f\u00e9rence en syst\u00e8me d\u2019int\u00e9rieur\",\"potentialAction\":[{\"@type\":\"SearchAction\",\"target\":{\"@type\":\"EntryPoint\",\"urlTemplate\":\"https:\\\/\\\/dsfltee.com\\\/?s={search_term_string}\"},\"query-input\":{\"@type\":\"PropertyValueSpecification\",\"valueRequired\":true,\"valueName\":\"search_term_string\"}}],\"inLanguage\":\"en-CA\"}]}<\/script>\n<!-- \/ Yoast SEO plugin. -->","yoast_head_json":{"title":"Contact | Distribution Ste-Foy","description":"Got big or small projects? Contact us now and we can help. We have 3 locations to serve every region: St-Mathieu de Beloeil, Laval & St-Hubert.","robots":{"index":"index","follow":"follow","max-snippet":"max-snippet:-1","max-image-preview":"max-image-preview:large","max-video-preview":"max-video-preview:-1"},"canonical":"https:\/\/dsfltee.com\/en\/contact\/","og_locale":"en_US","og_type":"article","og_title":"Contact | Distribution Ste-Foy","og_description":"Got big or small projects? Contact us now and we can help. We have 3 locations to serve every region: St-Mathieu de Beloeil, Laval & St-Hubert.","og_url":"https:\/\/dsfltee.com\/en\/contact\/","og_site_name":"Distribution Ste-Foy","article_publisher":"https:\/\/fr-ca.facebook.com\/dsfltee\/","article_modified_time":"2018-06-27T13:50:49+00:00","og_image":[{"url":"https:\/\/dsfltee.com\/wp-content\/uploads\/2018\/02\/slider-bg1.jpg","type":"","width":"","height":""}],"twitter_misc":{"Est. reading time":"2 minutes"},"schema":{"@context":"https:\/\/schema.org","@graph":[{"@type":"WebPage","@id":"https:\/\/dsfltee.com\/en\/contact\/","url":"https:\/\/dsfltee.com\/en\/contact\/","name":"Contact | Distribution Ste-Foy","isPartOf":{"@id":"https:\/\/dsfltee.com\/#website"},"datePublished":"2018-03-02T14:57:55+00:00","dateModified":"2018-06-27T13:50:49+00:00","description":"Got big or small projects? Contact us now and we can help. We have 3 locations to serve every region: St-Mathieu de Beloeil, Laval & St-Hubert.","breadcrumb":{"@id":"https:\/\/dsfltee.com\/en\/contact\/#breadcrumb"},"inLanguage":"en-CA","potentialAction":[{"@type":"ReadAction","target":["https:\/\/dsfltee.com\/en\/contact\/"]}]},{"@type":"BreadcrumbList","@id":"https:\/\/dsfltee.com\/en\/contact\/#breadcrumb","itemListElement":[{"@type":"ListItem","position":1,"name":"Home","item":"https:\/\/dsfltee.com\/en\/"},{"@type":"ListItem","position":2,"name":"Contact"}]},{"@type":"WebSite","@id":"https:\/\/dsfltee.com\/#website","url":"https:\/\/dsfltee.com\/","name":"Distribution Ste-Foy","description":"La r\u00e9f\u00e9rence en syst\u00e8me d\u2019int\u00e9rieur","potentialAction":[{"@type":"SearchAction","target":{"@type":"EntryPoint","urlTemplate":"https:\/\/dsfltee.com\/?s={search_term_string}"},"query-input":{"@type":"PropertyValueSpecification","valueRequired":true,"valueName":"search_term_string"}}],"inLanguage":"en-CA"}]}},"_links":{"self":[{"href":"https:\/\/dsfltee.com\/en\/wp-json\/wp\/v2\/pages\/368","targetHints":{"allow":["GET"]}}],"collection":[{"href":"https:\/\/dsfltee.com\/en\/wp-json\/wp\/v2\/pages"}],"about":[{"href":"https:\/\/dsfltee.com\/en\/wp-json\/wp\/v2\/types\/page"}],"author":[{"embeddable":true,"href":"https:\/\/dsfltee.com\/en\/wp-json\/wp\/v2\/users\/1"}],"replies":[{"embeddable":true,"href":"https:\/\/dsfltee.com\/en\/wp-json\/wp\/v2\/comments?post=368"}],"version-history":[{"count":17,"href":"https:\/\/dsfltee.com\/en\/wp-json\/wp\/v2\/pages\/368\/revisions"}],"predecessor-version":[{"id":892,"href":"https:\/\/dsfltee.com\/en\/wp-json\/wp\/v2\/pages\/368\/revisions\/892"}],"wp:attachment":[{"href":"https:\/\/dsfltee.com\/en\/wp-json\/wp\/v2\/media?parent=368"}],"curies":[{"name":"wp","href":"https:\/\/api.w.org\/{rel}","templated":true}]}}