{"id":362,"date":"2018-03-02T14:54:59","date_gmt":"2018-03-02T14:54:59","guid":{"rendered":"https:\/\/dsfltee.com\/?page_id=362"},"modified":"2018-05-01T18:01:40","modified_gmt":"2018-05-01T18:01:40","slug":"about","status":"publish","type":"page","link":"https:\/\/dsfltee.com\/en\/about\/","title":{"rendered":"About"},"content":{"rendered":"<div class=\"wpb-content-wrapper\"><p>[vc_row css_animation=&#8221;&#8221; row_type=&#8221;row&#8221; use_row_as_full_screen_section=&#8221;no&#8221; type=&#8221;full_width&#8221; angled_section=&#8221;no&#8221; text_align=&#8221;left&#8221; background_image_as_pattern=&#8221;without_pattern&#8221; el_id=&#8221;template-simple&#8221; z_index=&#8221;&#8221;][vc_column][vc_column_text]<\/p>\n<p style=\"text-align: center;\">This page is under construction.<\/p>\n<p>[\/vc_column_text][\/vc_column][\/vc_row]<\/p>\n<\/div>","protected":false},"excerpt":{"rendered":"<p>[vc_row css_animation=&#8221;&#8221; row_type=&#8221;row&#8221; use_row_as_full_screen_section=&#8221;no&#8221; type=&#8221;full_width&#8221; angled_section=&#8221;no&#8221; text_align=&#8221;left&#8221; background_image_as_pattern=&#8221;without_pattern&#8221; el_id=&#8221;template-simple&#8221; z_index=&#8221;&#8221;][vc_column][vc_column_text] This page is under construction. [\/vc_column_text][\/vc_column][\/vc_row]<\/p>\n","protected":false},"author":1,"featured_media":0,"parent":0,"menu_order":0,"comment_status":"closed","ping_status":"closed","template":"full_width.php","meta":{"_acf_changed":false,"footnotes":""},"class_list":["post-362","page","type-page","status-publish","hentry"],"acf":[],"yoast_head":"<!-- This site is optimized with the Yoast SEO plugin v27.4 - https:\/\/yoast.com\/product\/yoast-seo-wordpress\/ -->\n<title>About | Distribution Ste-Foy<\/title>\n<meta name=\"description\" content=\"Whether it\u2019s for drywall, concrete panels, insulation, ceilings, mouldings, metal frames, Groupe Beauchesne is \u201cTHE benchmark in interior systems.\u201d\" \/>\n<meta name=\"robots\" content=\"index, follow, max-snippet:-1, max-image-preview:large, max-video-preview:-1\" \/>\n<link rel=\"canonical\" href=\"https:\/\/dsfltee.com\/en\/about\/\" \/>\n<meta property=\"og:locale\" content=\"en_US\" \/>\n<meta property=\"og:type\" content=\"article\" \/>\n<meta property=\"og:title\" content=\"About | Distribution Ste-Foy\" \/>\n<meta property=\"og:description\" content=\"Whether it\u2019s for drywall, concrete panels, insulation, ceilings, mouldings, metal frames, Groupe Beauchesne is \u201cTHE benchmark in interior systems.\u201d\" \/>\n<meta property=\"og:url\" content=\"https:\/\/dsfltee.com\/en\/about\/\" \/>\n<meta property=\"og:site_name\" content=\"Distribution Ste-Foy\" \/>\n<meta property=\"article:publisher\" content=\"https:\/\/fr-ca.facebook.com\/dsfltee\/\" \/>\n<meta property=\"article:modified_time\" content=\"2018-05-01T18:01:40+00:00\" \/>\n<meta property=\"og:image\" content=\"https:\/\/dsfltee.com\/wp-content\/uploads\/2018\/02\/slider-bg1.jpg\" \/>\n<script type=\"application\/ld+json\" class=\"yoast-schema-graph\">{\"@context\":\"https:\\\/\\\/schema.org\",\"@graph\":[{\"@type\":\"WebPage\",\"@id\":\"https:\\\/\\\/dsfltee.com\\\/en\\\/about\\\/\",\"url\":\"https:\\\/\\\/dsfltee.com\\\/en\\\/about\\\/\",\"name\":\"About | Distribution Ste-Foy\",\"isPartOf\":{\"@id\":\"https:\\\/\\\/dsfltee.com\\\/#website\"},\"datePublished\":\"2018-03-02T14:54:59+00:00\",\"dateModified\":\"2018-05-01T18:01:40+00:00\",\"description\":\"Whether it\u2019s for drywall, concrete panels, insulation, ceilings, mouldings, metal frames, Groupe Beauchesne is \u201cTHE benchmark in interior systems.\u201d\",\"breadcrumb\":{\"@id\":\"https:\\\/\\\/dsfltee.com\\\/en\\\/about\\\/#breadcrumb\"},\"inLanguage\":\"en-CA\",\"potentialAction\":[{\"@type\":\"ReadAction\",\"target\":[\"https:\\\/\\\/dsfltee.com\\\/en\\\/about\\\/\"]}]},{\"@type\":\"BreadcrumbList\",\"@id\":\"https:\\\/\\\/dsfltee.com\\\/en\\\/about\\\/#breadcrumb\",\"itemListElement\":[{\"@type\":\"ListItem\",\"position\":1,\"name\":\"Home\",\"item\":\"https:\\\/\\\/dsfltee.com\\\/en\\\/\"},{\"@type\":\"ListItem\",\"position\":2,\"name\":\"About\"}]},{\"@type\":\"WebSite\",\"@id\":\"https:\\\/\\\/dsfltee.com\\\/#website\",\"url\":\"https:\\\/\\\/dsfltee.com\\\/\",\"name\":\"Distribution Ste-Foy\",\"description\":\"La r\u00e9f\u00e9rence en syst\u00e8me d\u2019int\u00e9rieur\",\"potentialAction\":[{\"@type\":\"SearchAction\",\"target\":{\"@type\":\"EntryPoint\",\"urlTemplate\":\"https:\\\/\\\/dsfltee.com\\\/?s={search_term_string}\"},\"query-input\":{\"@type\":\"PropertyValueSpecification\",\"valueRequired\":true,\"valueName\":\"search_term_string\"}}],\"inLanguage\":\"en-CA\"}]}<\/script>\n<!-- \/ Yoast SEO plugin. -->","yoast_head_json":{"title":"About | Distribution Ste-Foy","description":"Whether it\u2019s for drywall, concrete panels, insulation, ceilings, mouldings, metal frames, Groupe Beauchesne is \u201cTHE benchmark in interior systems.\u201d","robots":{"index":"index","follow":"follow","max-snippet":"max-snippet:-1","max-image-preview":"max-image-preview:large","max-video-preview":"max-video-preview:-1"},"canonical":"https:\/\/dsfltee.com\/en\/about\/","og_locale":"en_US","og_type":"article","og_title":"About | Distribution Ste-Foy","og_description":"Whether it\u2019s for drywall, concrete panels, insulation, ceilings, mouldings, metal frames, Groupe Beauchesne is \u201cTHE benchmark in interior systems.\u201d","og_url":"https:\/\/dsfltee.com\/en\/about\/","og_site_name":"Distribution Ste-Foy","article_publisher":"https:\/\/fr-ca.facebook.com\/dsfltee\/","article_modified_time":"2018-05-01T18:01:40+00:00","og_image":[{"url":"https:\/\/dsfltee.com\/wp-content\/uploads\/2018\/02\/slider-bg1.jpg","type":"","width":"","height":""}],"schema":{"@context":"https:\/\/schema.org","@graph":[{"@type":"WebPage","@id":"https:\/\/dsfltee.com\/en\/about\/","url":"https:\/\/dsfltee.com\/en\/about\/","name":"About | Distribution Ste-Foy","isPartOf":{"@id":"https:\/\/dsfltee.com\/#website"},"datePublished":"2018-03-02T14:54:59+00:00","dateModified":"2018-05-01T18:01:40+00:00","description":"Whether it\u2019s for drywall, concrete panels, insulation, ceilings, mouldings, metal frames, Groupe Beauchesne is \u201cTHE benchmark in interior systems.\u201d","breadcrumb":{"@id":"https:\/\/dsfltee.com\/en\/about\/#breadcrumb"},"inLanguage":"en-CA","potentialAction":[{"@type":"ReadAction","target":["https:\/\/dsfltee.com\/en\/about\/"]}]},{"@type":"BreadcrumbList","@id":"https:\/\/dsfltee.com\/en\/about\/#breadcrumb","itemListElement":[{"@type":"ListItem","position":1,"name":"Home","item":"https:\/\/dsfltee.com\/en\/"},{"@type":"ListItem","position":2,"name":"About"}]},{"@type":"WebSite","@id":"https:\/\/dsfltee.com\/#website","url":"https:\/\/dsfltee.com\/","name":"Distribution Ste-Foy","description":"La r\u00e9f\u00e9rence en syst\u00e8me d\u2019int\u00e9rieur","potentialAction":[{"@type":"SearchAction","target":{"@type":"EntryPoint","urlTemplate":"https:\/\/dsfltee.com\/?s={search_term_string}"},"query-input":{"@type":"PropertyValueSpecification","valueRequired":true,"valueName":"search_term_string"}}],"inLanguage":"en-CA"}]}},"_links":{"self":[{"href":"https:\/\/dsfltee.com\/en\/wp-json\/wp\/v2\/pages\/362","targetHints":{"allow":["GET"]}}],"collection":[{"href":"https:\/\/dsfltee.com\/en\/wp-json\/wp\/v2\/pages"}],"about":[{"href":"https:\/\/dsfltee.com\/en\/wp-json\/wp\/v2\/types\/page"}],"author":[{"embeddable":true,"href":"https:\/\/dsfltee.com\/en\/wp-json\/wp\/v2\/users\/1"}],"replies":[{"embeddable":true,"href":"https:\/\/dsfltee.com\/en\/wp-json\/wp\/v2\/comments?post=362"}],"version-history":[{"count":7,"href":"https:\/\/dsfltee.com\/en\/wp-json\/wp\/v2\/pages\/362\/revisions"}],"predecessor-version":[{"id":780,"href":"https:\/\/dsfltee.com\/en\/wp-json\/wp\/v2\/pages\/362\/revisions\/780"}],"wp:attachment":[{"href":"https:\/\/dsfltee.com\/en\/wp-json\/wp\/v2\/media?parent=362"}],"curies":[{"name":"wp","href":"https:\/\/api.w.org\/{rel}","templated":true}]}}