{"id":360,"date":"2018-03-02T14:51:41","date_gmt":"2018-03-02T14:51:41","guid":{"rendered":"https:\/\/dsfltee.com\/?page_id=360"},"modified":"2025-10-01T13:49:36","modified_gmt":"2025-10-01T17:49:36","slug":"home","status":"publish","type":"page","link":"https:\/\/dsfltee.com\/en\/","title":{"rendered":"Home"},"content":{"rendered":"<div class=\"wpb-content-wrapper\"><p>[vc_row css_animation=&#8221;&#8221; row_type=&#8221;row&#8221; use_row_as_full_screen_section=&#8221;no&#8221; type=&#8221;grid&#8221; angled_section=&#8221;no&#8221; text_align=&#8221;left&#8221; background_image_as_pattern=&#8221;without_pattern&#8221; el_id=&#8221;home1&#8243; z_index=&#8221;&#8221;][vc_column][vc_column_text]<\/p>\n<h1>The benchmark in<br \/>\ninterior systems<\/h1>\n<p>With an extensive inventory, whether it\u2019s in terms of drywall, concrete panels, insulation, ceilings, mouldings, metal frames, joint cement, or specialized tools and fasteners, we will quickly know how to meet all your interior systems needs.[\/vc_column_text]<a  itemprop=\"url\" href=\"\/en\/about\/\" target=\"_self\"  class=\"qbutton  default\" style=\"\">Learn more<\/a>[\/vc_column][\/vc_row][vc_row css_animation=&#8221;&#8221; row_type=&#8221;row&#8221; use_row_as_full_screen_section=&#8221;no&#8221; type=&#8221;grid&#8221; angled_section=&#8221;no&#8221; text_align=&#8221;left&#8221; background_image_as_pattern=&#8221;without_pattern&#8221; el_id=&#8221;home2&#8243; z_index=&#8221;&#8221;][vc_column][vc_column_text]<\/p>\n<h2>Industry\u2019s supplier<br \/>\nof choice in our market<\/h2>\n<p>[\/vc_column_text][\/vc_column][\/vc_row][vc_row row_type=&#8221;parallax&#8221; parallax_content_width=&#8221;in_grid&#8221; text_align=&#8221;left&#8221; background_image=&#8221;649&#8243; full_screen_section_height=&#8221;no&#8221; el_id=&#8221;home3&#8243;][vc_column width=&#8221;1\/3&#8243;][vc_single_image image=&#8221;14&#8243; img_size=&#8221;full&#8221; qode_css_animation=&#8221;&#8221;][vc_column_text]<\/p>\n<h4><a href=\"https:\/\/dsfltee.com\/en\/services\/\">Specialized delivery<\/a><\/h4>\n<p>Our extensive truck fleet and experienced boom crane operators have made us experts in the delivery of specialized building materials.[\/vc_column_text][\/vc_column][vc_column width=&#8221;1\/3&#8243;][vc_single_image image=&#8221;15&#8243; img_size=&#8221;full&#8221; qode_css_animation=&#8221;&#8221;][vc_column_text]<\/p>\n<h4><a href=\"https:\/\/dsfltee.com\/en\/client-zone\/\">Client zone<\/a><\/h4>\n<p>Here you will find some interesting information to help you along the way of your renovation or building project.[\/vc_column_text][\/vc_column][vc_column width=&#8221;1\/3&#8243;][vc_single_image image=&#8221;16&#8243; img_size=&#8221;full&#8221; qode_css_animation=&#8221;&#8221;][vc_column_text]<\/p>\n<h4><a href=\"https:\/\/dsfltee.com\/en\/contact\/\">Questions ?<\/a><\/h4>\n<p>Our knowledgeable staff and superior customer service is what sets us apart![\/vc_column_text][\/vc_column][\/vc_row][vc_row css_animation=&#8221;&#8221; row_type=&#8221;row&#8221; use_row_as_full_screen_section=&#8221;no&#8221; type=&#8221;grid&#8221; angled_section=&#8221;no&#8221; text_align=&#8221;left&#8221; background_image_as_pattern=&#8221;without_pattern&#8221; el_id=&#8221;home4&#8243; z_index=&#8221;&#8221;][vc_column][vc_column_text]<\/p>\n<h3>Quality products in high quantities!<\/h3>\n<p>Our inventory includes a wide variety of building materials and a full range of interior systems products ranging from gypsum to metal frames, suspended ceilings, soundproofing products, insulation products, and a wide variety of specialized tools.[\/vc_column_text]<a  itemprop=\"url\" href=\"\/en\/products\/\" target=\"_self\"  class=\"qbutton  default\" style=\"\">See our products<\/a>[\/vc_column][\/vc_row][vc_row css_animation=&#8221;&#8221; row_type=&#8221;row&#8221; use_row_as_full_screen_section=&#8221;no&#8221; type=&#8221;full_width&#8221; angled_section=&#8221;no&#8221; text_align=&#8221;left&#8221; background_image_as_pattern=&#8221;without_pattern&#8221; el_id=&#8221;home5&#8243; z_index=&#8221;&#8221;][vc_column width=&#8221;1\/3&#8243; css=&#8221;.vc_custom_1523913586669{background-image: url(https:\/\/dsfltee.com\/wp-content\/uploads\/2018\/04\/gypse-bg.jpg?id=661) !important;}&#8221;][vc_column_text]<\/p>\n<h3><a class=\"display-table\" href=\"https:\/\/dsfltee.com\/en\/products\/drywall\/\"><span class=\"display-cell\"><span class=\"h3-inner\">Drywall<\/span><\/span><\/a><\/h3>\n<p>[\/vc_column_text][\/vc_column][vc_column width=&#8221;1\/3&#8243; css=&#8221;.vc_custom_1523913601476{background-image: url(https:\/\/dsfltee.com\/wp-content\/uploads\/2018\/04\/ossature-bg.jpg?id=664) !important;}&#8221;][vc_column_text]<\/p>\n<h3><a class=\"display-table\" href=\"https:\/\/dsfltee.com\/en\/products\/steel-frames\/\"><span class=\"display-cell\"><span class=\"h3-inner\">Steel Frames<\/span><\/span><\/a><\/h3>\n<p>[\/vc_column_text][\/vc_column][vc_column width=&#8221;1\/3&#8243; css=&#8221;.vc_custom_1523913619128{background-image: url(https:\/\/dsfltee.com\/wp-content\/uploads\/2018\/04\/plafonds-bg.jpg?id=660) !important;}&#8221;][vc_column_text]<\/p>\n<h3><a class=\"display-table\" href=\"https:\/\/dsfltee.com\/en\/products\/ceiling\/\"><span class=\"display-cell\"><span class=\"h3-inner\">Ceiling<\/span><\/span><\/a><\/h3>\n<p>[\/vc_column_text][\/vc_column][vc_column width=&#8221;1\/3&#8243; css=&#8221;.vc_custom_1523913675166{background-image: url(https:\/\/dsfltee.com\/wp-content\/uploads\/2018\/04\/isolant-bg.jpg?id=662) !important;}&#8221;][vc_column_text]<\/p>\n<h3><a class=\"display-table\" href=\"https:\/\/dsfltee.com\/en\/products\/insulation\/\"><span class=\"display-cell\"><span class=\"h3-inner\">Insulation<\/span><\/span><\/a><\/h3>\n<p>[\/vc_column_text][\/vc_column][vc_column width=&#8221;1\/3&#8243; css=&#8221;.vc_custom_1523913685900{background-image: url(https:\/\/dsfltee.com\/wp-content\/uploads\/2018\/04\/outils-bg.jpg?id=659) !important;}&#8221;][vc_column_text]<\/p>\n<h3><a class=\"display-table\" href=\"https:\/\/dsfltee.com\/en\/products\/tools\/\"><span class=\"display-cell\"><span class=\"h3-inner\">Tools<\/span><\/span><\/a><\/h3>\n<p>[\/vc_column_text][\/vc_column][vc_column width=&#8221;1\/3&#8243; css=&#8221;.vc_custom_1759340974614{background-image: url(https:\/\/dsfltee.com\/wp-content\/uploads\/2018\/04\/ancrage-bg.jpg?id=1085) !important;}&#8221;][vc_column_text css=&#8221;&#8221;]<\/p>\n<h3><a class=\"display-table\" href=\"\/en\/products\/fasteners\/\"><span class=\"display-cell\"><span class=\"h3-inner\">Fasteners<\/span><\/span><\/a><\/h3>\n<p>[\/vc_column_text][\/vc_column][\/vc_row][vc_row row_type=&#8221;parallax&#8221; parallax_content_width=&#8221;in_grid&#8221; text_align=&#8221;left&#8221; background_image=&#8221;650&#8243; full_screen_section_height=&#8221;no&#8221; el_id=&#8221;home6&#8243;][vc_column][vc_single_image image=&#8221;1080&#8243; img_size=&#8221;full&#8221; qode_css_animation=&#8221;&#8221;][vc_column_text]<\/p>\n<h3>Order online<\/h3>\n<p>Do you have an account with us? Register and log in to place your next order directly from our website. Do you prefer to work by email? No problem! Download our order form, fill it out, and send it back to us by email.[\/vc_column_text]<a  itemprop=\"url\" href=\"\/en\/order-online\/\" target=\"_self\"  class=\"qbutton  white default\" style=\"\">Order online<\/a>[\/vc_column][\/vc_row][vc_row css_animation=&#8221;&#8221; row_type=&#8221;row&#8221; use_row_as_full_screen_section=&#8221;no&#8221; type=&#8221;full_width&#8221; angled_section=&#8221;no&#8221; text_align=&#8221;left&#8221; background_image_as_pattern=&#8221;without_pattern&#8221; el_id=&#8221;home7&#8243; z_index=&#8221;&#8221;][vc_column]<div class='google_map_shortcode_holder' style='height:644px;'><div class='qode_google_map' style='height:644px;' id='map_canvas_67548' data-addresses='[\"685 avenue Newton, Qu\u00e9bec, Qc, G1P 4C4\"]' data-custom-map-style='false' data-color-overlay='#393939' data-saturation='-100' data-lightness='-60' data-zoom='12' data-pin='https:\/\/dsfltee.com\/wp-content\/uploads\/2018\/04\/pin.png' data-unique-id='67548' data-google-maps-scroll-wheel='false' data-snazzy-map-style='yes' data-map-height='644'><\/div><input type=\"hidden\" class=\"qode-snazzy-map\" value=\"`{`\n{\n``featureType``: ``administrative``,\n``elementType``: ``labels.text.fill``,\n``stylers``: `{`\n{\n``color``: ``#444444``\n}\n`}`\n},\n{\n``featureType``: ``administrative.land_parcel``,\n``elementType``: ``all``,\n``stylers``: `{`\n{\n``visibility``: ``off``\n}\n`}`\n},\n{\n``featureType``: ``landscape``,\n``elementType``: ``all``,\n``stylers``: `{`\n{\n``color``: ``#f2f2f2``\n}\n`}`\n},\n{\n``featureType``: ``landscape.natural``,\n``elementType``: ``all``,\n``stylers``: `{`\n{\n``visibility``: ``off``\n}\n`}`\n},\n{\n``featureType``: ``poi``,\n``elementType``: ``all``,\n``stylers``: `{`\n{\n``visibility``: ``on``\n},\n{\n``color``: ``#052366``\n},\n{\n``saturation``: ``-70``\n},\n{\n``lightness``: ``85``\n}\n`}`\n},\n{\n``featureType``: ``poi``,\n``elementType``: ``labels``,\n``stylers``: `{`\n{\n``visibility``: ``simplified``\n},\n{\n``lightness``: ``-53``\n},\n{\n``weight``: ``1.00``\n},\n{\n``gamma``: ``0.98``\n}\n`}`\n},\n{\n``featureType``: ``poi``,\n``elementType``: ``labels.icon``,\n``stylers``: `{`\n{\n``visibility``: ``simplified``\n}\n`}`\n},\n{\n``featureType``: ``road``,\n``elementType``: ``all``,\n``stylers``: `{`\n{\n``saturation``: -100\n},\n{\n``lightness``: 45\n},\n{\n``visibility``: ``on``\n}\n`}`\n},\n{\n``featureType``: ``road``,\n``elementType``: ``geometry``,\n``stylers``: `{`\n{\n``saturation``: ``-18``\n}\n`}`\n},\n{\n``featureType``: ``road``,\n``elementType``: ``labels``,\n``stylers``: `{`\n{\n``visibility``: ``off``\n}\n`}`\n},\n{\n``featureType``: ``road.highway``,\n``elementType``: ``all``,\n``stylers``: `{`\n{\n``visibility``: ``on``\n}\n`}`\n},\n{\n``featureType``: ``road.arterial``,\n``elementType``: ``all``,\n``stylers``: `{`\n{\n``visibility``: ``on``\n}\n`}`\n},\n{\n``featureType``: ``road.arterial``,\n``elementType``: ``labels.icon``,\n``stylers``: `{`\n{\n``visibility``: ``off``\n}\n`}`\n},\n{\n``featureType``: ``road.local``,\n``elementType``: ``all``,\n``stylers``: `{`\n{\n``visibility``: ``on``\n}\n`}`\n},\n{\n``featureType``: ``transit``,\n``elementType``: ``all``,\n``stylers``: `{`\n{\n``visibility``: ``off``\n}\n`}`\n},\n{\n``featureType``: ``water``,\n``elementType``: ``all``,\n``stylers``: `{`\n{\n``color``: ``#57677a``\n},\n{\n``visibility``: ``on``\n}\n`}`\n}\n`}` \" \/><div class='google_map_shortcode_overlay'><\/div><\/div>[vc_column_text]685, avenue Newton, Qu\u00e9bec, Qc, G1P 4C4<br \/>\n<a href=\"https:\/\/goo.gl\/maps\/isTKd4m2tho\" target=\"_blank\" rel=\"noopener\">Get directions<\/a>[\/vc_column_text][\/vc_column][\/vc_row]<\/p>\n<\/div>","protected":false},"excerpt":{"rendered":"<p>[vc_row css_animation=&#8221;&#8221; row_type=&#8221;row&#8221; use_row_as_full_screen_section=&#8221;no&#8221; type=&#8221;grid&#8221; angled_section=&#8221;no&#8221; text_align=&#8221;left&#8221; background_image_as_pattern=&#8221;without_pattern&#8221; el_id=&#8221;home1&#8243; z_index=&#8221;&#8221;][vc_column][vc_column_text] The benchmark in interior systems With an extensive inventory, whether it\u2019s in terms of drywall, concrete panels, insulation, ceilings, mouldings, metal frames, joint cement, or specialized tools and fasteners, we will quickly know how to&#8230;<\/p>\n","protected":false},"author":1,"featured_media":0,"parent":0,"menu_order":0,"comment_status":"closed","ping_status":"closed","template":"full_width.php","meta":{"_acf_changed":false,"footnotes":""},"class_list":["post-360","page","type-page","status-publish","hentry"],"acf":[],"yoast_head":"<!-- This site is optimized with the Yoast SEO plugin v27.4 - https:\/\/yoast.com\/product\/yoast-seo-wordpress\/ -->\n<title>Home | Distribution Ste-Foy<\/title>\n<meta name=\"description\" content=\"The benchmark in interior systems. Extensive inventory, whether it&#039;s terms of drywall, concrete panels, insulation, ceilings, metal frames and more.\" \/>\n<meta name=\"robots\" content=\"index, follow, max-snippet:-1, max-image-preview:large, max-video-preview:-1\" \/>\n<link rel=\"canonical\" href=\"https:\/\/dsfltee.com\/en\/\" \/>\n<meta property=\"og:locale\" content=\"en_US\" \/>\n<meta property=\"og:type\" content=\"article\" \/>\n<meta property=\"og:title\" content=\"Home | Distribution Ste-Foy\" \/>\n<meta property=\"og:description\" content=\"The benchmark in interior systems. Extensive inventory, whether it&#039;s terms of drywall, concrete panels, insulation, ceilings, metal frames and more.\" \/>\n<meta property=\"og:url\" content=\"https:\/\/dsfltee.com\/en\/\" \/>\n<meta property=\"og:site_name\" content=\"Distribution Ste-Foy\" \/>\n<meta property=\"article:publisher\" content=\"https:\/\/fr-ca.facebook.com\/dsfltee\/\" \/>\n<meta property=\"article:modified_time\" content=\"2025-10-01T17:49:36+00:00\" \/>\n<meta property=\"og:image\" content=\"https:\/\/dsfltee.com\/wp-content\/uploads\/2018\/02\/slider-bg1.jpg\" \/>\n<meta name=\"twitter:label1\" content=\"Est. reading time\" \/>\n\t<meta name=\"twitter:data1\" content=\"4 minutes\" \/>\n<script type=\"application\/ld+json\" class=\"yoast-schema-graph\">{\"@context\":\"https:\\\/\\\/schema.org\",\"@graph\":[{\"@type\":\"WebPage\",\"@id\":\"https:\\\/\\\/dsfltee.com\\\/en\\\/\",\"url\":\"https:\\\/\\\/dsfltee.com\\\/en\\\/\",\"name\":\"Home | Distribution Ste-Foy\",\"isPartOf\":{\"@id\":\"https:\\\/\\\/dsfltee.com\\\/#website\"},\"datePublished\":\"2018-03-02T14:51:41+00:00\",\"dateModified\":\"2025-10-01T17:49:36+00:00\",\"description\":\"The benchmark in interior systems. Extensive inventory, whether it's terms of drywall, concrete panels, insulation, ceilings, metal frames and more.\",\"breadcrumb\":{\"@id\":\"https:\\\/\\\/dsfltee.com\\\/en\\\/#breadcrumb\"},\"inLanguage\":\"en-CA\",\"potentialAction\":[{\"@type\":\"ReadAction\",\"target\":[\"https:\\\/\\\/dsfltee.com\\\/en\\\/\"]}]},{\"@type\":\"BreadcrumbList\",\"@id\":\"https:\\\/\\\/dsfltee.com\\\/en\\\/#breadcrumb\",\"itemListElement\":[{\"@type\":\"ListItem\",\"position\":1,\"name\":\"Home\",\"item\":\"https:\\\/\\\/dsfltee.com\\\/en\\\/\"},{\"@type\":\"ListItem\",\"position\":2,\"name\":\"Home\"}]},{\"@type\":\"WebSite\",\"@id\":\"https:\\\/\\\/dsfltee.com\\\/#website\",\"url\":\"https:\\\/\\\/dsfltee.com\\\/\",\"name\":\"Distribution Ste-Foy\",\"description\":\"La r\u00e9f\u00e9rence en syst\u00e8me d\u2019int\u00e9rieur\",\"potentialAction\":[{\"@type\":\"SearchAction\",\"target\":{\"@type\":\"EntryPoint\",\"urlTemplate\":\"https:\\\/\\\/dsfltee.com\\\/?s={search_term_string}\"},\"query-input\":{\"@type\":\"PropertyValueSpecification\",\"valueRequired\":true,\"valueName\":\"search_term_string\"}}],\"inLanguage\":\"en-CA\"}]}<\/script>\n<!-- \/ Yoast SEO plugin. -->","yoast_head_json":{"title":"Home | Distribution Ste-Foy","description":"The benchmark in interior systems. Extensive inventory, whether it's terms of drywall, concrete panels, insulation, ceilings, metal frames and more.","robots":{"index":"index","follow":"follow","max-snippet":"max-snippet:-1","max-image-preview":"max-image-preview:large","max-video-preview":"max-video-preview:-1"},"canonical":"https:\/\/dsfltee.com\/en\/","og_locale":"en_US","og_type":"article","og_title":"Home | Distribution Ste-Foy","og_description":"The benchmark in interior systems. Extensive inventory, whether it's terms of drywall, concrete panels, insulation, ceilings, metal frames and more.","og_url":"https:\/\/dsfltee.com\/en\/","og_site_name":"Distribution Ste-Foy","article_publisher":"https:\/\/fr-ca.facebook.com\/dsfltee\/","article_modified_time":"2025-10-01T17:49:36+00:00","og_image":[{"url":"https:\/\/dsfltee.com\/wp-content\/uploads\/2018\/02\/slider-bg1.jpg","type":"","width":"","height":""}],"twitter_misc":{"Est. reading time":"4 minutes"},"schema":{"@context":"https:\/\/schema.org","@graph":[{"@type":"WebPage","@id":"https:\/\/dsfltee.com\/en\/","url":"https:\/\/dsfltee.com\/en\/","name":"Home | Distribution Ste-Foy","isPartOf":{"@id":"https:\/\/dsfltee.com\/#website"},"datePublished":"2018-03-02T14:51:41+00:00","dateModified":"2025-10-01T17:49:36+00:00","description":"The benchmark in interior systems. Extensive inventory, whether it's terms of drywall, concrete panels, insulation, ceilings, metal frames and more.","breadcrumb":{"@id":"https:\/\/dsfltee.com\/en\/#breadcrumb"},"inLanguage":"en-CA","potentialAction":[{"@type":"ReadAction","target":["https:\/\/dsfltee.com\/en\/"]}]},{"@type":"BreadcrumbList","@id":"https:\/\/dsfltee.com\/en\/#breadcrumb","itemListElement":[{"@type":"ListItem","position":1,"name":"Home","item":"https:\/\/dsfltee.com\/en\/"},{"@type":"ListItem","position":2,"name":"Home"}]},{"@type":"WebSite","@id":"https:\/\/dsfltee.com\/#website","url":"https:\/\/dsfltee.com\/","name":"Distribution Ste-Foy","description":"La r\u00e9f\u00e9rence en syst\u00e8me d\u2019int\u00e9rieur","potentialAction":[{"@type":"SearchAction","target":{"@type":"EntryPoint","urlTemplate":"https:\/\/dsfltee.com\/?s={search_term_string}"},"query-input":{"@type":"PropertyValueSpecification","valueRequired":true,"valueName":"search_term_string"}}],"inLanguage":"en-CA"}]}},"_links":{"self":[{"href":"https:\/\/dsfltee.com\/en\/wp-json\/wp\/v2\/pages\/360","targetHints":{"allow":["GET"]}}],"collection":[{"href":"https:\/\/dsfltee.com\/en\/wp-json\/wp\/v2\/pages"}],"about":[{"href":"https:\/\/dsfltee.com\/en\/wp-json\/wp\/v2\/types\/page"}],"author":[{"embeddable":true,"href":"https:\/\/dsfltee.com\/en\/wp-json\/wp\/v2\/users\/1"}],"replies":[{"embeddable":true,"href":"https:\/\/dsfltee.com\/en\/wp-json\/wp\/v2\/comments?post=360"}],"version-history":[{"count":23,"href":"https:\/\/dsfltee.com\/en\/wp-json\/wp\/v2\/pages\/360\/revisions"}],"predecessor-version":[{"id":1087,"href":"https:\/\/dsfltee.com\/en\/wp-json\/wp\/v2\/pages\/360\/revisions\/1087"}],"wp:attachment":[{"href":"https:\/\/dsfltee.com\/en\/wp-json\/wp\/v2\/media?parent=360"}],"curies":[{"name":"wp","href":"https:\/\/api.w.org\/{rel}","templated":true}]}}